{"id":499,"date":"2026-02-03T08:51:25","date_gmt":"2026-02-03T08:51:25","guid":{"rendered":"http:\/\/lifesciences.agu.edu.tr\/?page_id=499"},"modified":"2026-02-03T08:52:41","modified_gmt":"2026-02-03T08:52:41","slug":"duygu-kuzuoglu-ozturk","status":"publish","type":"page","link":"http:\/\/lifesciences.agu.edu.tr\/index.php\/duygu-kuzuoglu-ozturk\/","title":{"rendered":"Duygu Kuzuo\u011flu \u00d6zt\u00fcrk"},"content":{"rendered":"<p><img loading=\"lazy\" decoding=\"async\" class=\"size-medium wp-image-500 aligncenter\" src=\"http:\/\/lifesciences.agu.edu.tr\/wp-content\/uploads\/2026\/02\/Duygu-300x300.jpeg\" alt=\"\" width=\"300\" height=\"300\" srcset=\"http:\/\/lifesciences.agu.edu.tr\/wp-content\/uploads\/2026\/02\/Duygu-300x300.jpeg 300w, http:\/\/lifesciences.agu.edu.tr\/wp-content\/uploads\/2026\/02\/Duygu-150x150.jpeg 150w, http:\/\/lifesciences.agu.edu.tr\/wp-content\/uploads\/2026\/02\/Duygu-768x768.jpeg 768w, http:\/\/lifesciences.agu.edu.tr\/wp-content\/uploads\/2026\/02\/Duygu-500x500.jpeg 500w, http:\/\/lifesciences.agu.edu.tr\/wp-content\/uploads\/2026\/02\/Duygu.jpeg 800w\" sizes=\"auto, (max-width: 300px) 100vw, 300px\" \/><\/p>\n<p style=\"text-align: center;\"><strong>Dr. Duygu Kuzuo\u011flu \u00d6zt\u00fcrk<\/strong><\/p>\n<p style=\"text-align: center;\"><strong>Sabanci University<\/strong><\/p>\n<p style=\"text-align: center;\"><strong>Istanbul, TR<\/strong><\/p>\n<hr \/>\n<p style=\"text-align: center;\"><strong>Biography<\/strong><\/p>\n<p style=\"text-align: left;\">Duygu received her undergraduate degree in Molecular Biology and Genetics from Istanbul Technical University and her master\u2019s degree in Biological Sciences and Bioengineering\u00a0 from Sabanci University, Turkey. After completing her master\u2019s studies, she moved to Germany to pursue her doctorate. She worked in the lab of the late Dr. Elisa Izaurralde at the Max Planck Institute for Developmental Biology in Tuebingen, where she studied the role of the main deadenylase complex, CCR4-NOT, in miRNA-mediated gene silencing. Upon finishing her PhD with the highest honor (summa cum laude), she joined Dr. Davide Ruggero\u2019s lab at the University of California, San Francisco (UCSF) as a postdoctoral fellow. For her postdoctoral research, Duygu received several competitive awards, including the long-term European Molecular Biology Organization (EMBO) fellowship, the International Human Frontier Science Program (HFSP) postdoctoral fellowship, and a research award from the UCSF Prostate Cancer Program as well as the Department of Defense. During her postdoctoral studies, she had the opportunity to work with various cancer models, focusing on understanding the regulation of gene expression at the translational level, particularly by the major cap-binding protein, eukaryotic initiation factor eIF4E. She conducted a genome-wide screen to identify eIF4E-interacting partners that represent novel cancer-specific vulnerabilities with therapeutic potential. Duygu is currently holding an Assist. Adjunct Prof position at UCSF to continue her collaborations. Duygu joined Sabanci University as a faculty member in the beginning of 2025 and received TUBITAK 2232-International Award for Outstanding Researchers, TUBA Outstanding Young Scientist Award (GEBIP), L\u2019Oreal-Unesco Science for Women award as well as European Molecular Biology Organization (EMBO) Installation Grant.<\/p>\n<hr \/>\n<p style=\"text-align: center;\"><strong>Title: Targeting translation machinery in cancer<\/strong><\/p>\n<p style=\"text-align: center;\"><strong>Abstract<\/strong><\/p>\n<p style=\"text-align: left;\">Tuning protein expression by targeting RNA structure using small molecules is an \u00a0unexplored avenue for cancer treatment. To understand whether this vulnerability could be therapeutically targeted in the most lethal form of prostate cancer, castration-resistant prostate cancer (CRPC), we use a clinical small molecule, zotatifin, that targets the RNA helicase and translation factor eukaryotic initiation factor 4A (eIF4A). Zotatifin represses tumorigenesis in patient-derived and xenograft models and prolonged survival in vivo alongside hormone therapy. Genome-wide transcriptome, translatome, and proteomic analysis reveals two important translational targets: androgen receptor (AR), a key oncogene in CRPC, and hypoxia-inducible factor 1A (HIF1A), an essential cancer modulator in hypoxia. We solve the structure of the 5\u2032 UTRs of these oncogenic mRNAs and strikingly observe complex structural remodeling of these select mRNAs by this small molecule. Remarkably, tumors treated with zotatifin become more sensitive to anti-androgen therapy and radiotherapy. Therefore, \u201ctranslatome therapy\u201d provides additional strategies to treat the deadliest cancers.<\/p>\n","protected":false},"excerpt":{"rendered":"<p>Dr. Duygu Kuzuo\u011flu \u00d6zt\u00fcrk Sabanci University Istanbul, TR Biography Duygu received her undergraduate degree in Molecular Biology and Genetics from Istanbul Technical University and her [&hellip;]<\/p>\n","protected":false},"author":1,"featured_media":0,"parent":0,"menu_order":0,"comment_status":"closed","ping_status":"closed","template":"","meta":{"footnotes":""},"class_list":["post-499","page","type-page","status-publish","hentry"],"_links":{"self":[{"href":"http:\/\/lifesciences.agu.edu.tr\/index.php\/wp-json\/wp\/v2\/pages\/499","targetHints":{"allow":["GET"]}}],"collection":[{"href":"http:\/\/lifesciences.agu.edu.tr\/index.php\/wp-json\/wp\/v2\/pages"}],"about":[{"href":"http:\/\/lifesciences.agu.edu.tr\/index.php\/wp-json\/wp\/v2\/types\/page"}],"author":[{"embeddable":true,"href":"http:\/\/lifesciences.agu.edu.tr\/index.php\/wp-json\/wp\/v2\/users\/1"}],"replies":[{"embeddable":true,"href":"http:\/\/lifesciences.agu.edu.tr\/index.php\/wp-json\/wp\/v2\/comments?post=499"}],"version-history":[{"count":2,"href":"http:\/\/lifesciences.agu.edu.tr\/index.php\/wp-json\/wp\/v2\/pages\/499\/revisions"}],"predecessor-version":[{"id":504,"href":"http:\/\/lifesciences.agu.edu.tr\/index.php\/wp-json\/wp\/v2\/pages\/499\/revisions\/504"}],"wp:attachment":[{"href":"http:\/\/lifesciences.agu.edu.tr\/index.php\/wp-json\/wp\/v2\/media?parent=499"}],"curies":[{"name":"wp","href":"https:\/\/api.w.org\/{rel}","templated":true}]}}